{"id":2085,"date":"2020-01-03T10:05:03","date_gmt":"2020-01-03T09:05:03","guid":{"rendered":"https:\/\/minicampingdeveluwe.nl\/?page_id=2085"},"modified":"2020-05-25T23:46:24","modified_gmt":"2020-05-25T21:46:24","slug":"uitstapjes-test","status":"publish","type":"page","link":"https:\/\/minicampingdeveluwe.nl\/?page_id=2085","title":{"rendered":"Uitstapjes"},"content":{"rendered":"<div class=\"mp-row-fluid motopress-row mpce-dsbl-margin-left mpce-dsbl-margin-right\">\n<div class=\"motopress-clmn mp-span12  mpce-dsbl-margin-left mpce-dsbl-margin-right\">\n<div class=\"motopress-image-obj motopress-text-align-center\"><a href=\"https:\/\/www.hogeveluwe.nl\/\" target=\"_blank\"><img decoding=\"async\" src=\"https:\/\/minicampingdeveluwe.nl\/wp-content\/uploads\/2020\/05\/NationaalPark1200x500.jpeg\" title=\"NationaalPark1200x500\" alt=\"NationaalPark1200x500\" class=\"motopress-image-obj-basic mpce-dsbl-margin-left mpce-dsbl-margin-right mpce-dsbl-margin-top mpce-dsbl-margin-bottom\" \/><\/a><\/div>\n<\/div>\n<\/div>\n<div class=\"mp-row-fluid motopress-row mpce-dsbl-margin-left mpce-dsbl-margin-right\">\n<div class=\"motopress-clmn mp-span12  mpce-dsbl-margin-left mpce-dsbl-margin-right\">\n<div class=\"motopress-code-obj\">\n<p>Wie aan de Veluwe denkt, denkt onwillekeurig aan bossen, heidevelden en zandverstuivingen.<br \/>\nEen gebied dat door prachtige natuur een lustoord is voor wandelaars, fietsers en ruiters.<br \/>\nWie op de Veluwe komt zal echter ontdekken dat er meer is. Gezellige dorpjes, tal van braderie\u00ebn, interessante musea, uitstekende horecagelegenheden, prima faciliteiten voor sport en ontspanning. Een gebied dat meer dan de moeite waard is voor vakantie en vrije tijd.<\/p>\n<p>Otterlo is een van die dorpjes; het ligt centraal om een uitstapje te maken naar grotere steden als Arnhem (Denk aan burgers Zoo, Openlucht-museum) en Apeldoorn(Apenheul paleis het Loo). Het dorp herbergt drie van de meest interessante musea van Nederland, Namelijk het Kr\u00f6ller M\u00fcller en het Museonder op het Nationale Park &#8220;De Hoge Veluwe&#8221; en het Tegelmuseam &#8220;it Noflik St\u00e9&#8221; in het centrum van het dorp.<br \/>\nKortom er valt genoeg te bezichtigen en te doen in en rondom het dorpje Otterlo.<\/p>\n<\/div>\n<\/div>\n<\/div>\n<div class=\"mp-row-fluid motopress-row mpce-dsbl-margin-left mpce-dsbl-margin-right\">\n<div class=\"motopress-clmn mp-span6  mpce-dsbl-margin-left mpce-dsbl-margin-right\">\n<div class=\"motopress-service-box-obj motopress-service-box-centered motopress-service-box-icon-effect-zoom motopress-service-box-basic\"><div class=\"motopress-service-box-icon-section motopress-service-box-big-image\"  style=\" padding-left: 0px; padding-right: 0px; padding-top: 0px; padding-bottom: 0px;\"><div class=\"motopress-service-box-icon-holder\"  style=\" font-size: 200px;\"><div style=\"background-image: url('https:\/\/minicampingdeveluwe.nl\/wp-content\/uploads\/2019\/12\/KMlogo-visit.jpg');\"><\/div><\/div><\/div><div class=\"motopress-service-box-heading-section\"><h2><\/h2><\/div><div class=\"motopress-service-box-content-section\">\n<p>Het Kr\u00f6ller-M\u00fcller Museum heeft de op \u00e9\u00e9n na grootste Van Goghverzameling ter wereld. Er zijn in wisselende opstelling circa 40 werken van Vincent van Gogh te zien. Daarnaast zie je er topstukken van Claude Monet, Georges Seurat, Pablo Picasso en Piet Mondriaan. In de grote beeldentuinen staan sculpturen van kunstenaars als Aristide Maillol, Jean Dubuffet, Marta Pan en Pierre Huyghe.<br \/>\n<div class=\"motopress-button-obj motopress-text-align-center\"><a href=\"https:\/\/krollermuller.nl\/uniek-in-elk-seizoen\" target=\"_blank\" class=\"motopress-btn motopress-btn-size-middle motopress-btn-rounded motopress-btn-icon-indent-small motopress-btn-color-red\">Klik hier<\/a><\/div>\n<\/div><\/div>\n<\/div>\n<div class=\"motopress-clmn mp-span6  mpce-dsbl-margin-left mpce-dsbl-margin-right\">\n<div class=\"motopress-service-box-obj motopress-service-box-centered motopress-service-box-icon-effect-zoom motopress-service-box-basic\"><div class=\"motopress-service-box-icon-section motopress-service-box-big-image\"  style=\" padding-left: 0px; padding-right: 0px; padding-top: 0px; padding-bottom: 0px;\"><div class=\"motopress-service-box-icon-holder\"  style=\" font-size: 200px;\"><div style=\"background-image: url('https:\/\/minicampingdeveluwe.nl\/wp-content\/uploads\/2019\/12\/BurgersLogo.jpg');\"><\/div><\/div><\/div><div class=\"motopress-service-box-heading-section\"><h2><\/h2><\/div><div class=\"motopress-service-box-content-section\">\n<p>Duik in 8 miljoen liter water, ga op avontuur in de overdekte jungle en bewonder de gieren in onze woestijn! Beleef 45 hectare dierenpark in Burgers&#8217; Zoo! Burgers\u2019 Zoo onderscheidt zich van andere dierenparken door zijn ecodisplays, waar grootschalig natuurlijke leefomgevingen zijn nagebouwd waar de bezoeker samen met de natuur en dier onderdeel van uitmaakt.<br \/>\n<div class=\"motopress-button-obj motopress-text-align-center\"><a href=\"https:\/\/burgerszoo.nl\" target=\"_blank\" class=\"motopress-btn motopress-btn-size-middle motopress-btn-rounded motopress-btn-icon-indent-small motopress-btn-color-red\">Klik hier<\/a><\/div>\n<\/div><\/div>\n<\/div>\n<\/div>\n<div class=\"mp-row-fluid motopress-row mpce-dsbl-margin-left mpce-dsbl-margin-right\">\n<div class=\"motopress-clmn mp-span12  mpce-dsbl-margin-left mpce-dsbl-margin-right  motopress-space\">\n<div class=\"motopress-space-obj mpce-dsbl-background-image-type mpce-dsbl-background-image mpce-dsbl-background-gradient mpce-dsbl-background-position mpce-dsbl-background-position-x mpce-dsbl-background-position-y mpce-dsbl-background-repeat mpce-dsbl-background-size mpce-dsbl-background-attachment mpce-dsbl-margin-left mpce-dsbl-margin-right mpce-dsbl-background-color mpce-dsbl-border-top-width mpce-dsbl-border-bottom-width mpce-dsbl-border-left-width mpce-dsbl-border-right-width mpce-dsbl-border-top-left-radius mpce-dsbl-border-top-right-radius mpce-dsbl-border-bottom-left-radius mpce-dsbl-border-bottom-right-radius mpce-dsbl-border-style mpce-dsbl-border-color mpce-dsbl-padding-left mpce-dsbl-padding-right mpce-dsbl-margin-top mpce-dsbl-margin-bottom mpce-dsbl-color\"  style=\"min-height: 25px;\" data-min-height=\"25\"><div><\/div><\/div>\n<\/div>\n<\/div>\n<div class=\"mp-row-fluid motopress-row mpce-dsbl-margin-left mpce-dsbl-margin-right\">\n<div class=\"motopress-clmn mp-span6  mpce-dsbl-margin-left mpce-dsbl-margin-right\">\n<div class=\"motopress-service-box-obj motopress-service-box-centered motopress-service-box-icon-effect-zoom motopress-service-box-basic\"><div class=\"motopress-service-box-icon-section motopress-service-box-big-image\"  style=\" padding-left: 0px; padding-right: 0px; padding-top: 0px; padding-bottom: 0px;\"><div class=\"motopress-service-box-icon-holder\"  style=\" font-size: 200px;\"><div style=\"background-image: url('https:\/\/minicampingdeveluwe.nl\/wp-content\/uploads\/2019\/12\/Julianatoren.jpg');\"><\/div><\/div><\/div><div class=\"motopress-service-box-heading-section\"><h2><\/h2><\/div><div class=\"motopress-service-box-content-section\">\n<p>De Julianatoren is een pretpark voor jong en oud.<br \/>\nDe allerkleinsten kunnen zich er prima vermaken.<\/p>\n<p>Kinderpretpark Julianatoren<br \/>\nAmersfoortseweg 35<br \/>\n7313 AC Apeldoorn<\/p>\n<div class=\"motopress-button-obj motopress-text-align-center\"><a href=\"https:\/\/julianatoren.nl\" target=\"_blank\" class=\"motopress-btn motopress-btn-size-middle motopress-btn-rounded motopress-btn-icon-indent-small motopress-btn-color-red\">Klik hier<\/a><\/div>\n<\/div><\/div>\n<\/div>\n<div class=\"motopress-clmn mp-span6  mpce-dsbl-margin-left mpce-dsbl-margin-right\">\n<div class=\"motopress-service-box-obj motopress-service-box-centered motopress-service-box-icon-effect-zoom motopress-service-box-basic\"><div class=\"motopress-service-box-icon-section motopress-service-box-big-image\"  style=\" padding-left: 0px; padding-right: 0px; padding-top: 0px; padding-bottom: 0px;\"><div class=\"motopress-service-box-icon-holder\"  style=\" font-size: 200px;\"><div style=\"background-image: url('https:\/\/minicampingdeveluwe.nl\/wp-content\/uploads\/2019\/12\/DolfinariumLogo.jpg');\"><\/div><\/div><\/div><div class=\"motopress-service-box-heading-section\"><h2><\/h2><\/div><div class=\"motopress-service-box-content-section\">\n<p>Een zeeleeuw ontmoeten? Of een nachtje logeren bij de dolfijnen en walrussen?<br \/>\nOp het Dolfinarium komen dromen uit.<\/p>\n<p>Strandboulevard Oost 1<br \/>\n3841 AB Harderwijk<br \/>\n<a class=\"odp-contact-information__route__link\" href=\"https:\/\/www.google.com\/maps\/dir\/Current+Location\/52.354149253255%2C5.6176567243286\" target=\"_blank\" rel=\"noopener\" data-ga-action=\"generic-route\" data-ga-category=\"item-generic\">Plan je route<\/a><\/p>\n<div class=\"motopress-button-obj motopress-text-align-center\"><a href=\"https:\/\/dolfinarium.nl\" target=\"_blank\" class=\"motopress-btn motopress-btn-size-middle motopress-btn-rounded motopress-btn-icon-indent-small motopress-btn-color-red\">Klik hier<\/a><\/div>\n<\/div><\/div>\n<\/div>\n<\/div>\n<div class=\"mp-row-fluid motopress-row mpce-dsbl-margin-left mpce-dsbl-margin-right\">\n<div class=\"motopress-clmn mp-span12  mpce-dsbl-margin-left mpce-dsbl-margin-right  motopress-space\">\n<div class=\"motopress-space-obj mpce-dsbl-background-image-type mpce-dsbl-background-image mpce-dsbl-background-gradient mpce-dsbl-background-position mpce-dsbl-background-position-x mpce-dsbl-background-position-y mpce-dsbl-background-repeat mpce-dsbl-background-size mpce-dsbl-background-attachment mpce-dsbl-margin-left mpce-dsbl-margin-right mpce-dsbl-background-color mpce-dsbl-border-top-width mpce-dsbl-border-bottom-width mpce-dsbl-border-left-width mpce-dsbl-border-right-width mpce-dsbl-border-top-left-radius mpce-dsbl-border-top-right-radius mpce-dsbl-border-bottom-left-radius mpce-dsbl-border-bottom-right-radius mpce-dsbl-border-style mpce-dsbl-border-color mpce-dsbl-padding-left mpce-dsbl-padding-right mpce-dsbl-margin-top mpce-dsbl-margin-bottom mpce-dsbl-color\"  style=\"min-height: 25px;\" data-min-height=\"25\"><div><\/div><\/div>\n<\/div>\n<\/div>\n<div class=\"mp-row-fluid motopress-row mpce-dsbl-margin-left mpce-dsbl-margin-right\">\n<div class=\"motopress-clmn mp-span6  mpce-dsbl-margin-left mpce-dsbl-margin-right\">\n<div class=\"motopress-service-box-obj motopress-service-box-centered motopress-service-box-icon-effect-zoom motopress-service-box-basic\"><div class=\"motopress-service-box-icon-section motopress-service-box-big-image\"  style=\" padding-left: 0px; padding-right: 0px; padding-top: 0px; padding-bottom: 0px;\"><div class=\"motopress-service-box-icon-holder\"  style=\" font-size: 200px;\"><div style=\"background-image: url('https:\/\/minicampingdeveluwe.nl\/wp-content\/uploads\/2019\/12\/TegelmuseumLogo.jpg');\"><\/div><\/div><\/div><div class=\"motopress-service-box-heading-section\"><h2><\/h2><\/div><div class=\"motopress-service-box-content-section\">\n<p>Klei&#8230; Tegels&#8230; Keramiek.<\/p>\n<p>Het Nederlands Tegelmuseum toont de grootste en meest veelzijdige collectie Nederlandse wandtegels en tegeltableaus vanaf de late Middeleeuwen tot hedendaagse keramiek.<br \/>\nEen unieke en historisch belangrijke verzameling van een bijzondere tak van Nederlands design.<br \/>\n<div class=\"motopress-button-obj motopress-text-align-center\"><a href=\"http:\/\/nederlandstegelmuseum.nl\" target=\"_blank\" class=\"motopress-btn motopress-btn-size-middle motopress-btn-rounded motopress-btn-icon-indent-small motopress-btn-color-red\">Klik hier<\/a><\/div>\n<\/div><\/div>\n<\/div>\n<div class=\"motopress-clmn mp-span6  mpce-dsbl-margin-left mpce-dsbl-margin-right\">\n<div class=\"motopress-service-box-obj motopress-service-box-centered motopress-service-box-icon-effect-zoom motopress-service-box-basic\"><div class=\"motopress-service-box-icon-section motopress-service-box-big-image\"  style=\" padding-left: 0px; padding-right: 0px; padding-top: 0px; padding-bottom: 0px;\"><div class=\"motopress-service-box-icon-holder\"  style=\" font-size: 200px;\"><div style=\"background-image: url('https:\/\/minicampingdeveluwe.nl\/wp-content\/uploads\/2019\/11\/olm.jpg');\"><\/div><\/div><\/div><div class=\"motopress-service-box-heading-section\"><h2><\/h2><\/div><div class=\"motopress-service-box-content-section\">\n<p><span id=\"Kenniscentrum_Immaterieel_Erfgoed_Nederland\" class=\"mw-headline\">Kenniscentrum Immaterieel Erfgoed Nederland<\/span><\/p>\n<p>Het Nederlands Openluchtmuseum is een cultuurhistorisch museum in Arnhem. Het bestaat uit een buiten- en binnenmuseum. Het museum geeft een beeld van het leven in Nederland door de eeuwen heen.<br \/>\n<div class=\"motopress-button-obj motopress-text-align-center\"><a href=\"https:\/\/openluchtmuseum.nl\" target=\"_blank\" class=\"motopress-btn motopress-btn-size-middle motopress-btn-rounded motopress-btn-icon-indent-small motopress-btn-color-red\">Klik hier<\/a><\/div>\n<\/div><\/div>\n<\/div>\n<\/div>\n<div class=\"mp-row-fluid motopress-row mpce-dsbl-margin-left mpce-dsbl-margin-right\">\n<div class=\"motopress-clmn mp-span12  mpce-dsbl-margin-left mpce-dsbl-margin-right  motopress-space\">\n<div class=\"motopress-space-obj mpce-dsbl-background-image-type mpce-dsbl-background-image mpce-dsbl-background-gradient mpce-dsbl-background-position mpce-dsbl-background-position-x mpce-dsbl-background-position-y mpce-dsbl-background-repeat mpce-dsbl-background-size mpce-dsbl-background-attachment mpce-dsbl-margin-left mpce-dsbl-margin-right mpce-dsbl-background-color mpce-dsbl-border-top-width mpce-dsbl-border-bottom-width mpce-dsbl-border-left-width mpce-dsbl-border-right-width mpce-dsbl-border-top-left-radius mpce-dsbl-border-top-right-radius mpce-dsbl-border-bottom-left-radius mpce-dsbl-border-bottom-right-radius mpce-dsbl-border-style mpce-dsbl-border-color mpce-dsbl-padding-left mpce-dsbl-padding-right mpce-dsbl-margin-top mpce-dsbl-margin-bottom mpce-dsbl-color\"  style=\"min-height: 25px;\" data-min-height=\"25\"><div><\/div><\/div>\n<\/div>\n<\/div>\n<div class=\"mp-row-fluid motopress-row mpce-dsbl-margin-left mpce-dsbl-margin-right\">\n<div class=\"motopress-clmn mp-span6  mpce-dsbl-margin-left mpce-dsbl-margin-right\">\n<div class=\"motopress-service-box-obj motopress-service-box-centered motopress-service-box-icon-effect-zoom motopress-service-box-basic\"><div class=\"motopress-service-box-icon-section motopress-service-box-big-image\"  style=\" padding-left: 0px; padding-right: 0px; padding-top: 0px; padding-bottom: 0px;\"><div class=\"motopress-service-box-icon-holder\"  style=\" font-size: 200px;\"><div style=\"background-image: url('https:\/\/minicampingdeveluwe.nl\/wp-content\/uploads\/2019\/12\/HistorischeKeldersLogo.jpg');\"><\/div><\/div><\/div><div class=\"motopress-service-box-heading-section\"><h2><\/h2><\/div><div class=\"motopress-service-box-content-section\">\n<p>Onder de winkelstraten van Arnhem bevinden zich zo\u2019n 36 eeuwenoude kelders. In 2001 zijn deze kelders in oude glorie gerestaureerd, onderling met elkaar verbonden en opengesteld voor publiek.<br \/>\nBezoek de Historische Kelders en beleef de geschiedenis van Arnhem op unieke wijze!<br \/>\n<div class=\"motopress-button-obj motopress-text-align-center\"><a href=\"http:\/\/historischekelders.nl\" target=\"_blank\" class=\"motopress-btn motopress-btn-size-middle motopress-btn-rounded motopress-btn-icon-indent-small motopress-btn-color-red\">Klik hier<\/a><\/div>\n<\/div><\/div>\n<\/div>\n<div class=\"motopress-clmn mp-span6  mpce-dsbl-margin-left mpce-dsbl-margin-right\">\n<div class=\"motopress-service-box-obj motopress-service-box-centered motopress-service-box-icon-effect-zoom motopress-service-box-basic\"><div class=\"motopress-service-box-icon-section motopress-service-box-big-image\"  style=\" padding-left: 0px; padding-right: 0px; padding-top: 0px; padding-bottom: 0px;\"><div class=\"motopress-service-box-icon-holder\"  style=\" font-size: 200px;\"><div style=\"background-image: url('https:\/\/minicampingdeveluwe.nl\/wp-content\/uploads\/2019\/12\/AmbachtenLogo.jpg');\"><\/div><\/div><\/div><div class=\"motopress-service-box-heading-section\"><h2><\/h2><\/div><div class=\"motopress-service-box-content-section\">\n<p>Het Oude Ambachten &#038; Speelgoed Museum in Terschuur (vlakbij Barneveld) geeft je een unieke kijk in de wereld van toen: de tijd dat er geen elektriciteit was, de meeste arbeid nog met de hand werd gedaan en de mensen nog afhankelijk waren van familie, vrienden en buren. Je komt ogen tekort!<br \/>\n<div class=\"motopress-button-obj motopress-text-align-center\"><a href=\"https:\/\/ambachtenmuseum.nl\" target=\"_blank\" class=\"motopress-btn motopress-btn-size-middle motopress-btn-rounded motopress-btn-icon-indent-small motopress-btn-color-red\">Klik hier<\/a><\/div>\n<\/div><\/div>\n<\/div>\n<\/div>\n<div class=\"mp-row-fluid motopress-row mpce-dsbl-margin-left mpce-dsbl-margin-right\">\n<div class=\"motopress-clmn mp-span12  mpce-dsbl-margin-left mpce-dsbl-margin-right  motopress-space\">\n<div class=\"motopress-space-obj mpce-dsbl-background-image-type mpce-dsbl-background-image mpce-dsbl-background-gradient mpce-dsbl-background-position mpce-dsbl-background-position-x mpce-dsbl-background-position-y mpce-dsbl-background-repeat mpce-dsbl-background-size mpce-dsbl-background-attachment mpce-dsbl-margin-left mpce-dsbl-margin-right mpce-dsbl-background-color mpce-dsbl-border-top-width mpce-dsbl-border-bottom-width mpce-dsbl-border-left-width mpce-dsbl-border-right-width mpce-dsbl-border-top-left-radius mpce-dsbl-border-top-right-radius mpce-dsbl-border-bottom-left-radius mpce-dsbl-border-bottom-right-radius mpce-dsbl-border-style mpce-dsbl-border-color mpce-dsbl-padding-left mpce-dsbl-padding-right mpce-dsbl-margin-top mpce-dsbl-margin-bottom mpce-dsbl-color\"  style=\"min-height: 25px;\" data-min-height=\"25\"><div><\/div><\/div>\n<\/div>\n<\/div>\n<div class=\"mp-row-fluid motopress-row mpce-dsbl-margin-left mpce-dsbl-margin-right\">\n<div class=\"motopress-clmn mp-span6  mpce-dsbl-margin-left mpce-dsbl-margin-right\">\n<div class=\"motopress-service-box-obj motopress-service-box-centered motopress-service-box-icon-effect-zoom motopress-service-box-basic\"><div class=\"motopress-service-box-icon-section motopress-service-box-big-image\"  style=\" padding-left: 0px; padding-right: 0px; padding-top: 0px; padding-bottom: 0px;\"><div class=\"motopress-service-box-icon-holder\"  style=\" font-size: 200px;\"><div style=\"background-image: url('https:\/\/minicampingdeveluwe.nl\/wp-content\/uploads\/2019\/12\/StoomgemaalLogo.jpg');\"><\/div><\/div><\/div><div class=\"motopress-service-box-heading-section\"><h2><\/h2><\/div><div class=\"motopress-service-box-content-section\">\n<p>Het Putter stoomgemaal houdt de stoomgeschiedenis levend. Zie hoe rustig de stoommachine werkt en ruik de geur van stoom en warme olie. De komst van de stoommachine veranderde de wereld, men was niet langer afhankelijk van de natuur. Dankzij het Putter stoomgemaal werd het waterpeil in de Arkemheense polder, 85 jaar lang op het juiste niveau gehouden. Het stoomgemaal is \u00e9\u00e9n van de nog slechts acht werkende stoomgemalen in Nederland.<br \/>\n<div class=\"motopress-button-obj motopress-text-align-center\"><a href=\"http:\/\/putterstoomgemaal.nl\" target=\"_blank\" class=\"motopress-btn motopress-btn-size-middle motopress-btn-rounded motopress-btn-icon-indent-small motopress-btn-color-red\">Klik hier<\/a><\/div>\n<\/div><\/div>\n<\/div>\n<div class=\"motopress-clmn mp-span6  mpce-dsbl-margin-left mpce-dsbl-margin-right\">\n<div class=\"motopress-service-box-obj motopress-service-box-centered motopress-service-box-icon-effect-zoom motopress-service-box-basic\"><div class=\"motopress-service-box-icon-section motopress-service-box-big-image\"  style=\" padding-left: 0px; padding-right: 0px; padding-top: 0px; padding-bottom: 0px;\"><div class=\"motopress-service-box-icon-holder\"  style=\" font-size: 200px;\"><div style=\"background-image: url('https:\/\/minicampingdeveluwe.nl\/wp-content\/uploads\/2019\/12\/natuurmonumentenLogo.jpg');\"><\/div><\/div><\/div><div class=\"motopress-service-box-heading-section\"><h2><\/h2><\/div><div class=\"motopress-service-box-content-section\">\n<p>Denkend aan de Veluwe, denk ik aan bos, heide en zandverstuivingen. En natuurlijk aan wild.<br \/>\nDit landschap vind ik in overvloed op Planken Wambuis. Edelherten en wilde zwijnen maken mijn plaatje compleet.<br \/>\nEr is voor mij niets mooiers dan een wild zwijn tegenkomen, wroetend in de aarde naar beukennootjes of eikels.<br \/>\n<div class=\"motopress-button-obj motopress-text-align-center\"><a href=\"https:\/\/natuurmonumenten.nl\" target=\"_blank\" class=\"motopress-btn motopress-btn-size-middle motopress-btn-rounded motopress-btn-icon-indent-small motopress-btn-color-red\">Klik hier<\/a><\/div>\n<\/div><\/div>\n<\/div>\n<\/div>\n<div class=\"mp-row-fluid motopress-row mpce-dsbl-margin-left mpce-dsbl-margin-right\">\n<div class=\"motopress-clmn mp-span12  mpce-dsbl-margin-left mpce-dsbl-margin-right\">\n<div class=\"motopress-code-obj\">\n<h3 style=\"text-align: center;\">Bekijk de <a href=\"https:\/\/minicampingdeveluwe.nl\/?page_id=1753\">kalender<\/a> voor nog meer activiteiten bij ons in de buurt\u00a0<\/h3>\n<\/div>\n<\/div>\n<\/div>\n","protected":false},"excerpt":{"rendered":"<p>Wie aan de Veluwe denkt, denkt onwillekeurig aan bossen, heidevelden en zandverstuivingen. Een gebied dat door prachtige natuur een lustoord is voor wandelaars, fietsers en ruiters. Wie op de Veluwe komt zal echter ontdekken dat er meer is. Gezellige dorpjes, tal van braderie\u00ebn, interessante musea, uitstekende horecagelegenheden, prima faciliteiten voor\u2026 <a class=\"continue-reading-link\" href=\"https:\/\/minicampingdeveluwe.nl\/?page_id=2085\">Lees meer&#8230;.<\/a><\/p>\n","protected":false},"author":4,"featured_media":0,"parent":0,"menu_order":0,"comment_status":"closed","ping_status":"closed","template":"","meta":{"footnotes":""},"class_list":["post-2085","page","type-page","status-publish","hentry"],"_links":{"self":[{"href":"https:\/\/minicampingdeveluwe.nl\/index.php?rest_route=\/wp\/v2\/pages\/2085","targetHints":{"allow":["GET"]}}],"collection":[{"href":"https:\/\/minicampingdeveluwe.nl\/index.php?rest_route=\/wp\/v2\/pages"}],"about":[{"href":"https:\/\/minicampingdeveluwe.nl\/index.php?rest_route=\/wp\/v2\/types\/page"}],"author":[{"embeddable":true,"href":"https:\/\/minicampingdeveluwe.nl\/index.php?rest_route=\/wp\/v2\/users\/4"}],"replies":[{"embeddable":true,"href":"https:\/\/minicampingdeveluwe.nl\/index.php?rest_route=%2Fwp%2Fv2%2Fcomments&post=2085"}],"version-history":[{"count":22,"href":"https:\/\/minicampingdeveluwe.nl\/index.php?rest_route=\/wp\/v2\/pages\/2085\/revisions"}],"predecessor-version":[{"id":2599,"href":"https:\/\/minicampingdeveluwe.nl\/index.php?rest_route=\/wp\/v2\/pages\/2085\/revisions\/2599"}],"wp:attachment":[{"href":"https:\/\/minicampingdeveluwe.nl\/index.php?rest_route=%2Fwp%2Fv2%2Fmedia&parent=2085"}],"curies":[{"name":"wp","href":"https:\/\/api.w.org\/{rel}","templated":true}]}}